{"id":6,"date":"2022-10-09T06:17:26","date_gmt":"2022-10-09T06:17:26","guid":{"rendered":"https:\/\/thosuadiennuochcm.click\/?page_id=6"},"modified":"2026-03-31T09:54:04","modified_gmt":"2026-03-31T09:54:04","slug":"sua-chua-dien-nuoc-thanh-pho-ho-chi-minh","status":"publish","type":"page","link":"https:\/\/thosuadiennuochcm.click\/","title":{"rendered":"S\u1eeda ch\u1eefa \u0111i\u1ec7n n\u01b0\u1edbc Th\u00e0nh ph\u1ed1 H\u1ed3 Ch\u00ed Minh"},"content":{"rendered":"<p><span style=\"color: #000000; font-size: 110%;\"><span style=\"font-size: 120%;\"><strong>S\u1eeda \u0111i\u1ec7n n\u01b0\u1edbc, m\u00e1y b\u01a1m<\/strong>\u00a0<\/span>l\u00e0 1 d\u1ecbch v\u1ee5 ph\u1ed5 bi\u1ebfn hi\u1ec7n nay t\u1ea1i TPHCM. B\u1edfi \u0111\u1ed1i v\u1edbi cu\u1ed9c s\u1ed1ng h\u1eb1ng ng\u00e0y, vi\u1ec7c h\u01b0 h\u1ecfng \u0111i\u1ec7n n\u01b0\u1edbc l\u00e0 \u0111i\u1ec1u kh\u00f3 tr\u00e1nh kh\u1ecfi. V\u1ea5n \u0111\u1ec1 s\u1ef1 c\u1ed1 \u0111i\u1ec7n n\u01b0\u1edbc lu\u00f4n l\u00e0m b\u1ea1n c\u1ea3m th\u1ea5y kh\u00f3 ch\u1ecbu. B\u1ea1n c\u00f3 th\u1ef1c s\u1ef1 \u0111\u1ee7 ki\u1ebfn th\u1ee9c chuy\u00ean m\u00f4n v\u00e0 d\u1ee5ng c\u1ee5 chuy\u00ean d\u1ee5ng \u0111\u1ec3 ti\u1ebfn h\u00e0nh s\u1eeda ch\u1eefa kh\u00f4ng? Ch\u01b0a k\u1ec3 \u0111\u1ebfn th\u1eddi gian b\u1ea1n m\u00f2 m\u1eabm s\u1ef1 c\u1ed1 \u0111\u1ec3 \u0111i ki\u1ebfm v\u1eadt t\u01b0 nguy\u00ean li\u1ec7u \u0111\u1ec3 s\u1eeda ch\u1eefa. N\u1ebfu b\u1ea1n kh\u00f4ng \u0111\u1ee7 kh\u1ea3 n\u0103ng m\u00e0 c\u1ed1 g\u1eafng s\u1eeda ch\u1eefa th\u00ec h\u1eadu qu\u1ea3 thi\u1ec7t h\u1ea1i s\u1ebd kh\u00f3 l\u01b0\u1eddng. V\u1eady c\u00f2n l\u00fd do g\u00ec n\u1eefa b\u1ea1n kh\u00f4ng li\u00ean h\u1ec7 \u0111\u1ebfn th\u1ee3 s\u1eeda \u0111i\u1ec7n n\u01b0\u1edbc c\u1ee7a <span style=\"font-size: 120%;\"><em><strong>s\u1eeda \u0111i\u1ec7n n\u01b0\u1edbc, m\u00e1y b\u01a1m 247<\/strong><\/em><\/span> ch\u00fang t\u00f4i \u0111\u1ec3 kh\u1eafc ph\u1ee5c nhanh ch\u00f3ng v\u00e0 an to\u00e0n.<\/span><\/p>\n<p><span style=\"color: #000000; font-size: 110%;\">\u0110\u1ebfn v\u1edbi c\u00f4ng ty Th\u1ee3 Vi\u1ec7t b\u1ea1n s\u1ebd th\u1ea5y \u0111\u01b0\u1ee3c \u0111\u1ed3ng ti\u1ec1n b\u1ea1n b\u1ecf ra l\u00e0 \u0111\u00e1ng, t\u01b0\u01a1ng x\u1ee9ng v\u1edbi l\u1ee3i \u00edch mang l\u1ea1i cho b\u1ea1n. V\u1edbi ph\u01b0\u01a1ng ch\u00e2m<span style=\"color: #ed1c24;\"><em><strong> \u201cNHANH &#8211; UY T\u00cdN &#8211; GI\u00c1 R\u1eba \u201d<\/strong><\/em><\/span>, ch\u00fang t\u00f4i lu\u00f4n l\u00e0m h\u00e0i l\u00f2ng kh\u00e1ch h\u00e0ng.<\/span><\/p>\n<p><span style=\"font-size: 110%;\"><strong><span style=\"color: #ed1c24;\">HOLINE :<a href=\"tel:0369439486\"> 036.943.9486<\/a> &#8211; Mr. \u0110\u1ea1i<span style=\"color: #000000; font-size: 110%;\"><img loading=\"lazy\" decoding=\"async\" class=\"alignnone wp-image-13 size-full\" src=\"https:\/\/thosuadiennuochcm.click\/wp-content\/uploads\/2022\/10\/z3567671361614_1be2fafda607a5bb5b852098e08d78a2.jpg\" alt=\"\" width=\"960\" height=\"1280\" srcset=\"https:\/\/thosuadiennuochcm.click\/wp-content\/uploads\/2022\/10\/z3567671361614_1be2fafda607a5bb5b852098e08d78a2.jpg 960w, https:\/\/thosuadiennuochcm.click\/wp-content\/uploads\/2022\/10\/z3567671361614_1be2fafda607a5bb5b852098e08d78a2-225x300.jpg 225w, https:\/\/thosuadiennuochcm.click\/wp-content\/uploads\/2022\/10\/z3567671361614_1be2fafda607a5bb5b852098e08d78a2-768x1024.jpg 768w\" sizes=\"auto, (max-width: 960px) 100vw, 960px\" \/><\/span><\/span><\/strong><\/span><\/p>\n<h2><strong><span style=\"color: #000000; font-size: 110%;\">C\u00e1c D\u1ecbch V\u1ee5 S\u1eeda Ch\u1eefa \u0110i\u1ec7n N\u01b0\u1edbc H\u1ed3 Ch\u00ed Minh:<\/span><\/strong><\/h2>\n<ul>\n<li><strong><em><span style=\"color: #000000; font-size: 110%;\">Kh\u1eafc ph\u1ee5c s\u1ef1 c\u1ed1 r\u00f2 r\u1ec9 n\u01b0\u1edbc, b\u1ee5c \u0111\u01b0\u1eddng \u1ed1ng, m\u1ea5t n\u01b0\u1edbc \u2026<\/span><\/em><\/strong><\/li>\n<li><strong><em><span style=\"color: #000000; font-size: 110%;\">Kh\u1eafc ph\u1ee5c s\u1ef1 c\u1ed1 ch\u1eadp ch\u00e1y \u1ed5 \u0111i\u1ec7n, \u0111\u01b0\u1eddng d\u00e2y \u0111i\u1ec7n, b\u00f3ng \u0111\u00e8n, attomat&#8230;<\/span><\/em><\/strong><\/li>\n<li><strong><em><span style=\"color: #000000; font-size: 110%;\">S\u1eeda ch\u1eefa \u0111\u01b0\u1eddng \u1ed1ng, sen, v\u00f2i, b\u1ec7t, ch\u1eadu \u2026<\/span><\/em><\/strong><\/li>\n<li><span style=\"color: #000000; font-size: 110%;\"><em><strong>S\u1eeda ch\u1eefa c\u00e1c s\u1ef1 c\u1ed1 h\u1ecfng m\u00e1y b\u01a1m n\u01b0\u1edbc gia \u0111\u00ecnh, m\u00e1y b\u01a1m trung c\u01b0 &#8230;<\/strong><\/em><\/span><\/li>\n<li><strong><em><span style=\"color: #000000; font-size: 110%;\">Th\u00f4ng ngh\u1eb9t ch\u1eadu r\u1eeda m\u1eb7t, r\u1eeda ch\u00e9n, lavabo, b\u1ec7t x\u00ed, h\u1ea7m v\u1ec7 sinh, tho\u00e1t s\u00e0n\u2026.<\/span><\/em><\/strong><\/li>\n<li><strong><em><span style=\"color: #000000; font-size: 110%;\">Chuy\u00ean th\u00f4ng ngh\u1eb9t v\u1ec7 sinh: b\u1ec7t toilet, b\u1ed3n c\u1ea7u x\u1ed5m, b\u1ed3n ti\u1ec3u nam \u2013 ti\u1ec3u n\u1eef \u2026<\/span><\/em><\/strong><\/li>\n<li><strong><em><span style=\"color: #000000; font-size: 110%;\">Nh\u1eadn th\u00f4ng c\u1ed1ng tho\u00e1t s\u00e0n, khu v\u1ec7 sinh, \u0111\u01b0\u1eddng tho\u00e1t n\u01b0\u1edbc m\u01b0a \u2026<\/span><\/em><\/strong><\/li>\n<li><strong><em><span style=\"color: #000000; font-size: 110%;\">X\u1eed l\u00fd ng\u0103n m\u00f9i h\u00f4i \u0111\u01b0\u1eddng tho\u00e1t s\u00e0n toilet, b\u1ed3n c\u1ea7u, lavabo \u2026<\/span><\/em><\/strong><\/li>\n<li><strong><em><span style=\"color: #000000; font-size: 110%;\">S\u1eeda \u1ed1ng n\u01b0\u1edbc th\u1ea5m t\u01b0\u1eddng, th\u1ea5m s\u00e0n toilet<\/span><\/em><\/strong><\/li>\n<li><strong><em><span style=\"color: #000000; font-size: 110%;\">X\u1eed l\u00fd c\u00e1c t\u00ecnh hu\u1ed1ng kh\u00f3 s\u1eeda ch\u1eefa: b\u1ec3 \u0111\u01b0\u1eddng \u1ed1ng trong t\u01b0\u1eddng, d\u00f2 \u0111\u01b0\u1eddng \u1ed1ng b\u1ec3 ng\u1ea7m\u2026<\/span><\/em><\/strong><\/li>\n<li><strong><em><span style=\"color: #000000; font-size: 110%;\">Cung c\u1ea5p thi\u1ebft b\u1ecb ng\u00e0nh n\u01b0\u1edbc: ch\u1eadu r\u1eeda m\u1eb7t, v\u00f2i ch\u1eadu, b\u1ec7t x\u00ed, c\u00e1c ph\u1ee5 ki\u1ec7n \u0111i k\u00e8m \u2026<\/span><\/em><\/strong><\/li>\n<li><strong><em><span style=\"color: #000000; font-size: 110%;\">Chuy\u00ean s\u1eeda ch\u1eefa l\u1eafp \u0111\u1eb7t b\u00ecnh n\u00f3ng l\u1ea1nh , m\u00e1y b\u01a1m n\u01b0\u1edbc\u2026<\/span><\/em><\/strong><\/li>\n<\/ul>\n<p><span style=\"font-size: 110%;\"><strong><span style=\"color: #ed1c24;\">HOLINE : <a href=\"tel:0369439486\"> 036.943.9486<\/a>&#8211; Mr. \u0110\u1ea1i<img loading=\"lazy\" decoding=\"async\" class=\"alignnone wp-image-12 size-full\" src=\"https:\/\/thosuadiennuochcm.click\/wp-content\/uploads\/2022\/10\/z3567671361219_11d894c769514a95e582ba2164dc3fae.jpg\" alt=\"\" width=\"1280\" height=\"1280\" srcset=\"https:\/\/thosuadiennuochcm.click\/wp-content\/uploads\/2022\/10\/z3567671361219_11d894c769514a95e582ba2164dc3fae.jpg 1280w, https:\/\/thosuadiennuochcm.click\/wp-content\/uploads\/2022\/10\/z3567671361219_11d894c769514a95e582ba2164dc3fae-300x300.jpg 300w, https:\/\/thosuadiennuochcm.click\/wp-content\/uploads\/2022\/10\/z3567671361219_11d894c769514a95e582ba2164dc3fae-1024x1024.jpg 1024w, https:\/\/thosuadiennuochcm.click\/wp-content\/uploads\/2022\/10\/z3567671361219_11d894c769514a95e582ba2164dc3fae-150x150.jpg 150w, https:\/\/thosuadiennuochcm.click\/wp-content\/uploads\/2022\/10\/z3567671361219_11d894c769514a95e582ba2164dc3fae-768x768.jpg 768w\" sizes=\"auto, (max-width: 1280px) 100vw, 1280px\" \/><\/span><\/strong><\/span><\/p>\n<h2><strong><span style=\"color: #000000; font-size: 110%;\">L\u00dd DO KH\u00c1CH H\u00c0NG CH\u1eccN S\u1eecA \u0110I\u1ec6N N\u01af\u1edaC 247<\/span><\/strong><\/h2>\n<p><span style=\"color: #000000; font-size: 110%;\">Kh\u00e1ch h\u00e0ng lu\u00f4n l\u00e0 \u00f4ng ch\u1ee7 duy nh\u1ea5t, \u0111\u01b0\u1ee3c ph\u1ee5c v\u1ee5 qu\u00fd kh\u00e1ch h\u00e0ng l\u00e0 vinh d\u1ef1 c\u1ee7a \u0111\u1ed9i ng\u0169 c\u00f4ng ty ch\u00fang t\u00f4i<\/span><\/p>\n<p><span style=\"color: #000000; font-size: 110%;\"><strong><span style=\"color: #ed1c24;\">Gi\u00e1 R\u1ebb Nh\u1ea5t<\/span><\/strong> : T\u1ea5t c\u1ea3 c\u00e1c linh ki\u1ec7n thay th\u1ebf ch\u00fang t\u00f4i \u0111\u1ec1u nh\u1eadp v\u1edbi s\u1ed1 l\u01b0\u1ee3ng l\u1edbn ph\u1ee5c v\u1ee5 m\u1ee5c \u0111\u00edch b\u00e1n s\u1ec9 v\u00e0 b\u00e1n l\u1ebb n\u00ean gi\u00e1 th\u00e0nh c\u1ee7a ch\u00fang t\u00f4i lu\u00f4n r\u1ebb h\u01a1n c\u00e1c c\u00f4ng ty kh\u00e1c<\/span><\/p>\n<p><span style=\"color: #000000; font-size: 110%;\"><strong><span style=\"color: #ed1c24;\">K\u1ef9 Thu\u1eadt Gi\u1ecf<\/span><\/strong>i : Th\u1ee3 k\u1ef9 thu\u1eadt \u0111\u01b0\u1ee3c \u0111\u00e0o t\u1ea1o b\u00e0i b\u1ea3n, trung th\u1ef1c, s\u1eb5n s\u00e0ng ph\u1ee5c v\u1ee5 qu\u00fd kh\u00e1ch 24\/24, b\u1ea5t k\u1ec3 ng\u00e0y hay \u0111\u00eam, l\u1ec5, t\u1ebft ch\u00fang t\u00f4i \u0111\u1ec1u ph\u1ee5c v\u1ee5<\/span><\/p>\n<p><span style=\"color: #000000; font-size: 110%;\"><strong><span style=\"color: #ed1c24;\">Ph\u1ee5c v\u1ee5 24\/7, C\u1ea3 T7, CN, L\u1ec5, T\u1ebft<\/span><\/strong> : Ch\u00fang t\u00f4i ph\u1ee5c 24\/24 nh\u01b0ng v\u1edbi ti\u00eau ch\u00ed gi\u00e1 v\u1eabn r\u1ebb nh\u01b0 ng\u00e0y th\u01b0\u1eddng, \u0111\u1ed1i v\u1edbi tr\u01b0\u1eddng h\u1ee3p nh\u00e0 qu\u00fd kh\u00e1ch h\u00e0ng c\u00f3 ho\u00e0n c\u1ea3nh kh\u00f3 kh\u0103n ch\u00fang t\u00f4i xin ph\u1ee5c v\u1ee5 mi\u1ec5n ph\u00ed<\/span><\/p>\n<p><span style=\"color: #000000; font-size: 110%;\"><span style=\"color: #ed1c24;\"><strong>B\u00e1 Gi\u00e1 Tr\u01b0\u1edbc Khi L\u00e0m<\/strong> <\/span>: Th\u1ee3 k\u1ef9 thu\u1eadt s\u1ebd ki\u1ec3m tra t\u00ecnh tr\u1ea1ng v\u1eadt d\u1ee5ng b\u1ecb h\u1ecfng, n\u00eau ra ph\u01b0\u01a1ng \u00e1n x\u1eed l\u00fd v\u00e0 b\u00e1o gi\u00e1 cho kh\u00e1ch h\u00e0ng, n\u1ebfu kh\u00e1ch h\u00e0ng \u0111\u1ed3ng \u00fd ch\u00fang t\u00f4i cho k\u1ef9 thu\u1eadt ti\u1ebfn h\u00e0nh l\u00e0m cho qu\u00fd kh\u00e1ch<\/span><\/p>\n<p><span style=\"font-size: 110%;\"><strong><span style=\"color: #ed1c24;\">HOLINE : <a href=\"tel:0369439486\"> 036.943.9486<\/a>&#8211; Mr. \u0110\u1ea1i<img loading=\"lazy\" decoding=\"async\" class=\"alignnone wp-image-9 size-full\" src=\"https:\/\/thosuadiennuochcm.click\/wp-content\/uploads\/2022\/10\/z3567671356162_70e07ac8f37954dc6286865e3e51350c.jpg\" alt=\"\" width=\"960\" height=\"1280\" srcset=\"https:\/\/thosuadiennuochcm.click\/wp-content\/uploads\/2022\/10\/z3567671356162_70e07ac8f37954dc6286865e3e51350c.jpg 960w, https:\/\/thosuadiennuochcm.click\/wp-content\/uploads\/2022\/10\/z3567671356162_70e07ac8f37954dc6286865e3e51350c-225x300.jpg 225w, https:\/\/thosuadiennuochcm.click\/wp-content\/uploads\/2022\/10\/z3567671356162_70e07ac8f37954dc6286865e3e51350c-768x1024.jpg 768w\" sizes=\"auto, (max-width: 960px) 100vw, 960px\" \/><\/span><\/strong><\/span><\/p>\n<h2><strong><span style=\"color: #000000; font-size: 110%;\">QUY TR\u00ccNH TI\u1ebeP NH\u1eacN V\u00c0 S\u1eecA CH\u1eeeA \u0110I\u1ec6N N\u01af\u1edaC:<\/span><\/strong><\/h2>\n<p><span style=\"color: #000000; font-size: 110%;\"><span style=\"color: #ed1c24;\"><strong>B\u01b0\u1edbc 1:<\/strong><\/span> Ch\u00fang t\u00f4i ti\u1ebfp nh\u1eadn th\u00f4ng tin. Y\u00eau c\u1ea7u t\u1eeb kh\u00e1ch h\u00e0ng, sau \u0111\u00f3 ti\u1ebfn h\u00e0nh ph\u00e2n t\u00edch x\u1eed l\u00fd, ph\u00e2n lo\u1ea1i c\u00e1c h\u1ea1ng m\u1ee5c theo y\u00eau c\u1ea7u c\u1ee7a kh\u00e1ch h\u00e0ng.<\/span><\/p>\n<p><span style=\"color: #000000; font-size: 110%;\"><span style=\"color: #ed1c24;\"><strong>B\u01b0\u1edbc 2<\/strong><\/span>: D\u1ecbch v\u1ee5 s\u1eeda ch\u1eefa \u0111i\u1ec7n n\u01b0\u1edbc t\u1ea1i nh\u00e0 gi\u00e1 r\u1ebb. S\u1ebd c\u1eed nh\u00e2n vi\u00ean k\u1ef9 thu\u1eadt t\u1edbi g\u1eb7p Q\u00fay kh\u00e1ch theo \u0111\u00fang th\u1eddi gian. V\u00e0 \u0111\u1ecba \u0111i\u1ec3m \u0111\u00e3 h\u1eb9n. Nh\u00e2n vi\u00ean k\u0129 thu\u1eadt, th\u1ee3 \u0111i\u1ec7n n\u01b0\u1edbc c\u1ee7a ch\u00fang t\u00f4i s\u1ebd kh\u1ea3o s\u00e1t. Ph\u00e2n t\u00edch, t\u01b0 v\u1ea5n \u0111\u1ec3 ph\u00e2n c\u1ea5p \u0111\u1ed9 c\u00f4ng vi\u1ec7c. L\u00ean k\u1ebf ho\u1ea1ch b\u00e1o gi\u00e1, thi c\u00f4ng theo th\u1ecfa thu\u1eadn c\u1ee7a hai b\u00ean.<\/span><\/p>\n<p><span style=\"color: #000000; font-size: 110%;\"><span style=\"color: #ed1c24;\"><strong>B\u01b0\u1edbc 3<\/strong><\/span>: Ti\u1ebfn h\u00e0nh tri\u1ec3n khai thi c\u00f4ng, s\u1eeda ch\u1eefa: Ch\u00fang t\u00f4i s\u1ebd c\u1eed c\u00f4ng nh\u00e2n v\u00e0 nh\u00e2n vi\u00ean k\u1ef9 thu\u1eadt tr\u1ef1c ti\u1ebfp ch\u1ec9 \u0111\u1ea1o \u0111\u1ec3 ti\u1ebfn h\u00e0nh l\u1eafp \u0111\u1eb7t. S\u1eeda ch\u1eefa theo \u0111\u00fang h\u1ee3p \u0111\u1ed3ng c\u1ee7a kh\u00e1ch h\u00e0ng.<\/span><\/p>\n<p><span style=\"color: #000000; font-size: 110%;\"><span style=\"color: #ed1c24;\"><strong>B\u01b0\u1edbc 4<\/strong><\/span>: Trong qu\u00e1 tr\u00ecnh thi c\u00f4ng, s\u1eeda ch\u1eefa n\u1ebfu c\u00f3 thay \u0111\u1ed5i ph\u00e1t sinh t\u0103ng hay gi\u1ea3m. Kh\u00e1ch h\u00e0ng vui l\u00f2ng x\u00e1c nh\u1eadn c\u1ee5 th\u1ec3 c\u00f4ng vi\u1ec7c \u0111\u1ec3 thu\u1eadn ti\u1ec7. Cho vi\u1ec7c l\u00e0m ph\u1ee5 l\u1ee5c h\u1ee3p \u0111\u1ed3ng v\u00e0 quy\u1ebft to\u00e1n, thanh to\u00e1n <span style=\"color: #282828;\"><strong>h\u1ee3p \u0111\u1ed3ng.<\/strong><\/span><\/span><\/p>\n<p><span style=\"color: #000000; font-size: 110%;\"><span style=\"color: #ed1c24;\"><strong>B\u01b0\u1edbc 5<\/strong><\/span>: Ch\u1ebf \u0111\u1ed9 h\u1eadu m\u00e3i, b\u1ea3o h\u00e0nh c\u00e1c d\u1ecbch v\u1ee5: T\u00f9y thu\u1ed9c v\u00e0o c\u1ea5p \u0111\u1ed9 c\u00f4ng vi\u1ec7c m\u00e0 hai b\u00ean k\u00fd k\u1ebft ch\u1ebf \u0111\u1ed9 b\u1ea3o h\u00e0nh. Cho c\u00f4ng vi\u1ec7c l\u1eafp \u0111\u1eb7t, s\u1eeda ch\u1eefa \u0111\u00f3. Sau khi b\u00e0n giao \u0111\u01b0a v\u00e0o s\u1eeda d\u1ee5ng n\u1ebfu c\u00f3 v\u1ea5n \u0111\u1ec1 g\u00ec tr\u1edf ng\u1ea1i c\u1ea7n kh\u1eafc ph\u1ee5c. Gi\u1ea3i quy\u1ebft Qu\u00fd kh\u00e1ch li\u00ean h\u1ec7 ngay c\u00f4ng ty \u0111\u1ec3 \u0111\u01b0\u1ee3c ph\u1ee5c v\u1ee5 trong ng\u00e0y.<\/span><\/p>\n<p><span style=\"font-size: 110%;\"><strong><span style=\"color: #ed1c24;\">HOLINE : <a href=\"tel:0369439486\"> 036.943.9486<\/a>&#8211; Mr. \u0110\u1ea1i<img loading=\"lazy\" decoding=\"async\" class=\"alignnone wp-image-14 size-full\" src=\"https:\/\/thosuadiennuochcm.click\/wp-content\/uploads\/2022\/10\/z3567671362022_2e195df5006a8618a09e52cfcd0b61c9.jpg\" alt=\"\" width=\"960\" height=\"1280\" srcset=\"https:\/\/thosuadiennuochcm.click\/wp-content\/uploads\/2022\/10\/z3567671362022_2e195df5006a8618a09e52cfcd0b61c9.jpg 960w, https:\/\/thosuadiennuochcm.click\/wp-content\/uploads\/2022\/10\/z3567671362022_2e195df5006a8618a09e52cfcd0b61c9-225x300.jpg 225w, https:\/\/thosuadiennuochcm.click\/wp-content\/uploads\/2022\/10\/z3567671362022_2e195df5006a8618a09e52cfcd0b61c9-768x1024.jpg 768w\" sizes=\"auto, (max-width: 960px) 100vw, 960px\" \/><\/span><\/strong><\/span><\/p>\n<h2><strong><span style=\"color: #282828; font-size: 110%;\">CHI NHANH S\u1eecA \u0110I\u1ec6N N\u01af\u1edaC 247 H\u1ed2 CH\u00cd MINH:<\/span><\/strong><\/h2>\n<p><span style=\"color: #000000; font-size: 110%;\">S\u1eecA \u0110I\u00caN N\u01af\u1edaC Qu\u1eadn 1<\/span><\/p>\n<p><span style=\"color: #000000; font-size: 110%;\">S\u1eecA \u0110I\u1ec6N N\u01af\u1edaC Qu\u1eadn 2<\/span><\/p>\n<p><span style=\"color: #000000; font-size: 110%;\">S\u1eecA \u0110I\u1ec6N N\u01af\u1edaC Qu\u1eadn 3<\/span><\/p>\n<p><span style=\"color: #000000; font-size: 110%;\">S\u1eecA \u0110I\u1ec6N N\u01af\u1edaC Qu\u1eadn 4<\/span><\/p>\n<p><span style=\"color: #000000; font-size: 110%;\">S\u1eecA \u0110I\u00caN N\u01af\u1edaC Qu\u1eadn 5<\/span><\/p>\n<p><span style=\"color: #000000; font-size: 110%;\">S\u1eecA \u0110I\u1ec6N N\u01af\u1edaC Qu\u1eadn 6<\/span><\/p>\n<p><span style=\"color: #000000; font-size: 110%;\">S\u1eecA \u0110I\u00caN N\u01af\u1edaC Qu\u1eadn 7<\/span><\/p>\n<p><span style=\"color: #000000; font-size: 110%;\">S\u1eecA \u0110I\u1ec6N N\u01af\u1edaC Qu\u1eadn 8<\/span><\/p>\n<p><span style=\"color: #000000; font-size: 110%;\">S\u1eecA \u0110I\u1ec6N N\u01af\u1edaC Qu\u1eadn 9<\/span><\/p>\n<p><span style=\"color: #000000; font-size: 110%;\">S\u1eecA \u0110I\u1ec6N N\u01af\u1edaC Qu\u1eadn 10<\/span><\/p>\n<p><span style=\"color: #000000; font-size: 110%;\">S\u1eecA \u0110I\u1ec6N N\u01af\u1edaC Qu\u1eadn 11<\/span><\/p>\n<p><span style=\"color: #000000; font-size: 110%;\">S\u1eecA \u0110I\u1ec6N N\u01af\u1edaC Qu\u1eadn 12<\/span><\/p>\n<p><span style=\"color: #000000; font-size: 110%;\">S\u1eecA \u0110I\u1ec6N N\u01af\u1edaC Q. Th\u1ee7 \u0110\u1ee9c<\/span><\/p>\n<p><span style=\"color: #000000; font-size: 110%;\">S\u1eecA \u0110I\u1ec6N N\u01af\u1edaC Q. G\u00f2 V\u1ea5p<\/span><\/p>\n<p><span style=\"color: #000000; font-size: 110%;\">S\u1eecA \u0110I\u1ec6N N\u01af\u1edaC Q. T\u00e2n Ph\u00fa<\/span><\/p>\n<p><span style=\"color: #000000; font-size: 110%;\">S\u1eecA \u0110I\u1ec6N N\u01af\u1edaC Q. Th\u1ee7 \u0110\u1ee9c<\/span><\/p>\n<p><span style=\"color: #000000; font-size: 110%;\">S\u1eecA \u0110I\u1ec6N N\u01af\u1edaC Q. B\u00ecnh T\u00e2n<\/span><\/p>\n<p><span style=\"color: #000000; font-size: 110%;\">S\u1eecA \u0110I\u1ec6N N\u01af\u1edaC Q. T\u00e2n B\u00ecnh<\/span><\/p>\n<p><span style=\"color: #000000; font-size: 110%;\">S\u1eecA \u0110I\u1ec6N N\u01af\u1edaC Q. B\u00ecnh Th\u1ea1ch<\/span><\/p>\n<p><span style=\"color: #000000; font-size: 110%;\">S\u1eecA \u0110I\u1ec6N N\u01af\u1edaC Q. B\u00ecnh Ch\u00e1nh<\/span><\/p>\n<p><span style=\"font-size: 110%;\"><strong><span style=\"color: #ed1c24;\">HOLINE : <a href=\"tel:0369439486\"> 036.943.9486<\/a>&#8211; Mr. \u0110\u1ea1i<\/span><\/strong><\/span><\/p>\n","protected":false},"excerpt":{"rendered":"<p>S\u1eeda \u0111i\u1ec7n n\u01b0\u1edbc, m\u00e1y b\u01a1m\u00a0l\u00e0 1 d\u1ecbch v\u1ee5 ph\u1ed5 bi\u1ebfn hi\u1ec7n nay t\u1ea1i TPHCM. B\u1edfi \u0111\u1ed1i v\u1edbi cu\u1ed9c s\u1ed1ng h\u1eb1ng ng\u00e0y, vi\u1ec7c h\u01b0 h\u1ecfng \u0111i\u1ec7n n\u01b0\u1edbc l\u00e0 \u0111i\u1ec1u kh\u00f3 tr\u00e1nh kh\u1ecfi. V\u1ea5n \u0111\u1ec1 s\u1ef1 c\u1ed1 \u0111i\u1ec7n n\u01b0\u1edbc lu\u00f4n l\u00e0m b\u1ea1n c\u1ea3m th\u1ea5y kh\u00f3 ch\u1ecbu. B\u1ea1n c\u00f3 th\u1ef1c s\u1ef1 \u0111\u1ee7 ki\u1ebfn th\u1ee9c chuy\u00ean m\u00f4n v\u00e0 d\u1ee5ng [&#8230;]\n","protected":false},"author":1,"featured_media":0,"parent":0,"menu_order":0,"comment_status":"closed","ping_status":"closed","template":"","meta":{"footnotes":""},"class_list":["post-6","page","type-page","status-publish","hentry"],"_links":{"self":[{"href":"https:\/\/thosuadiennuochcm.click\/index.php\/wp-json\/wp\/v2\/pages\/6","targetHints":{"allow":["GET"]}}],"collection":[{"href":"https:\/\/thosuadiennuochcm.click\/index.php\/wp-json\/wp\/v2\/pages"}],"about":[{"href":"https:\/\/thosuadiennuochcm.click\/index.php\/wp-json\/wp\/v2\/types\/page"}],"author":[{"embeddable":true,"href":"https:\/\/thosuadiennuochcm.click\/index.php\/wp-json\/wp\/v2\/users\/1"}],"replies":[{"embeddable":true,"href":"https:\/\/thosuadiennuochcm.click\/index.php\/wp-json\/wp\/v2\/comments?post=6"}],"version-history":[{"count":8,"href":"https:\/\/thosuadiennuochcm.click\/index.php\/wp-json\/wp\/v2\/pages\/6\/revisions"}],"predecessor-version":[{"id":31,"href":"https:\/\/thosuadiennuochcm.click\/index.php\/wp-json\/wp\/v2\/pages\/6\/revisions\/31"}],"wp:attachment":[{"href":"https:\/\/thosuadiennuochcm.click\/index.php\/wp-json\/wp\/v2\/media?parent=6"}],"curies":[{"name":"wp","href":"https:\/\/api.w.org\/{rel}","templated":true}]}}